{"id":7674,"date":"2025-02-17T09:49:42","date_gmt":"2025-02-17T06:49:42","guid":{"rendered":"https:\/\/wsy.center\/eder\/bahadir-k-gulcan\/"},"modified":"2025-02-17T12:48:42","modified_gmt":"2025-02-17T09:48:42","slug":"bahadir-k-gulcan","status":"publish","type":"page","link":"https:\/\/eder.org.tr\/en\/governance\/bahadir-k-gulcan\/","title":{"rendered":"Bahadir K. Gulcan"},"content":{"rendered":"\t\t<div data-elementor-type=\"wp-page\" data-elementor-id=\"7674\" class=\"elementor elementor-7674 elementor-7413\" data-elementor-settings=\"{&quot;element_pack_global_tooltip_width&quot;:{&quot;unit&quot;:&quot;px&quot;,&quot;size&quot;:&quot;&quot;,&quot;sizes&quot;:[]},&quot;element_pack_global_tooltip_width_tablet&quot;:{&quot;unit&quot;:&quot;px&quot;,&quot;size&quot;:&quot;&quot;,&quot;sizes&quot;:[]},&quot;element_pack_global_tooltip_width_mobile&quot;:{&quot;unit&quot;:&quot;px&quot;,&quot;size&quot;:&quot;&quot;,&quot;sizes&quot;:[]},&quot;element_pack_global_tooltip_padding&quot;:{&quot;unit&quot;:&quot;px&quot;,&quot;top&quot;:&quot;&quot;,&quot;right&quot;:&quot;&quot;,&quot;bottom&quot;:&quot;&quot;,&quot;left&quot;:&quot;&quot;,&quot;isLinked&quot;:true},&quot;element_pack_global_tooltip_padding_tablet&quot;:{&quot;unit&quot;:&quot;px&quot;,&quot;top&quot;:&quot;&quot;,&quot;right&quot;:&quot;&quot;,&quot;bottom&quot;:&quot;&quot;,&quot;left&quot;:&quot;&quot;,&quot;isLinked&quot;:true},&quot;element_pack_global_tooltip_padding_mobile&quot;:{&quot;unit&quot;:&quot;px&quot;,&quot;top&quot;:&quot;&quot;,&quot;right&quot;:&quot;&quot;,&quot;bottom&quot;:&quot;&quot;,&quot;left&quot;:&quot;&quot;,&quot;isLinked&quot;:true},&quot;element_pack_global_tooltip_border_radius&quot;:{&quot;unit&quot;:&quot;px&quot;,&quot;top&quot;:&quot;&quot;,&quot;right&quot;:&quot;&quot;,&quot;bottom&quot;:&quot;&quot;,&quot;left&quot;:&quot;&quot;,&quot;isLinked&quot;:true},&quot;element_pack_global_tooltip_border_radius_tablet&quot;:{&quot;unit&quot;:&quot;px&quot;,&quot;top&quot;:&quot;&quot;,&quot;right&quot;:&quot;&quot;,&quot;bottom&quot;:&quot;&quot;,&quot;left&quot;:&quot;&quot;,&quot;isLinked&quot;:true},&quot;element_pack_global_tooltip_border_radius_mobile&quot;:{&quot;unit&quot;:&quot;px&quot;,&quot;top&quot;:&quot;&quot;,&quot;right&quot;:&quot;&quot;,&quot;bottom&quot;:&quot;&quot;,&quot;left&quot;:&quot;&quot;,&quot;isLinked&quot;:true}}\">\n\t\t\t\t<div class=\"elementor-element elementor-element-00fdba6 e-flex e-con-boxed e-con e-parent\" data-id=\"00fdba6\" data-element_type=\"container\" data-e-type=\"container\">\n\t\t\t\t\t<div class=\"e-con-inner\">\n\t\t<div class=\"elementor-element elementor-element-940fd44 e-con-full e-flex e-con e-child\" data-id=\"940fd44\" data-element_type=\"container\" data-e-type=\"container\">\n\t\t\t\t<div class=\"elementor-element elementor-element-829b0dd elementor-widget__width-inherit ui-e-top ui-e-align-center ui-e-align-tablet-center ui-e-align-mobile-center elementor-widget elementor-widget-uicore-icon-box\" data-id=\"829b0dd\" data-element_type=\"widget\" data-e-type=\"widget\" data-settings=\"{&quot;position&quot;:&quot;top&quot;,&quot;content_padding&quot;:{&quot;unit&quot;:&quot;px&quot;,&quot;top&quot;:&quot;&quot;,&quot;right&quot;:&quot;&quot;,&quot;bottom&quot;:&quot;&quot;,&quot;left&quot;:&quot;&quot;,&quot;isLinked&quot;:true},&quot;content_padding_tablet&quot;:{&quot;unit&quot;:&quot;px&quot;,&quot;top&quot;:&quot;&quot;,&quot;right&quot;:&quot;&quot;,&quot;bottom&quot;:&quot;&quot;,&quot;left&quot;:&quot;&quot;,&quot;isLinked&quot;:true},&quot;content_padding_mobile&quot;:{&quot;unit&quot;:&quot;px&quot;,&quot;top&quot;:&quot;&quot;,&quot;right&quot;:&quot;&quot;,&quot;bottom&quot;:&quot;&quot;,&quot;left&quot;:&quot;&quot;,&quot;isLinked&quot;:true}}\" data-widget_type=\"uicore-icon-box.default\">\n\t\t\t\t<div class=\"elementor-widget-container\">\n\t\t\t\t\t\n        <div class=\"ui-e-ico-box\" onclick=\"window.open(&#039;https:\/\/www.kolaymagaza.com\/&#039;, &#039;_blank&#039;)\">\n\n            \n            <div class='ui-e-flex-wrp'>\n\n                                    <div class=\"ui-e-icon-wrp\">\n\n                        <img fetchpriority=\"high\" decoding=\"async\" width=\"936\" height=\"1024\" src=\"https:\/\/eder.org.tr\/wp-content\/uploads\/2025\/02\/Ekran-Resmi-2024-12-16-16.15.28-936x1024.webp\" class=\"attachment-large size-large\" alt=\"\" srcset=\"https:\/\/eder.org.tr\/wp-content\/uploads\/2025\/02\/Ekran-Resmi-2024-12-16-16.15.28-936x1024.webp 936w, https:\/\/eder.org.tr\/wp-content\/uploads\/2025\/02\/Ekran-Resmi-2024-12-16-16.15.28-274x300.webp 274w, https:\/\/eder.org.tr\/wp-content\/uploads\/2025\/02\/Ekran-Resmi-2024-12-16-16.15.28-768x840.webp 768w, https:\/\/eder.org.tr\/wp-content\/uploads\/2025\/02\/Ekran-Resmi-2024-12-16-16.15.28-594x650.webp 594w, https:\/\/eder.org.tr\/wp-content\/uploads\/2025\/02\/Ekran-Resmi-2024-12-16-16.15.28.webp 1086w\" sizes=\"(max-width: 936px) 100vw, 936px\" \/>\n                    <\/div>\n                \n                <div class=\"ui-e-title-wrp\"><h3 class=\"ui-e-title\"><\/h3><\/div>\n            <\/div>\n\n            <div class=\"ui-e-box-content\">\n                \n                <div class=\"ui-e-description\">\n                                    <\/div>\n\n                \n            <\/div>\n        <\/div>\n\t\t\t\t<\/div>\n\t\t\t\t<\/div>\n\t\t\t\t<\/div>\n\t\t<div class=\"elementor-element elementor-element-4acf8ab e-con-full e-flex e-con e-child\" data-id=\"4acf8ab\" data-element_type=\"container\" data-e-type=\"container\">\n\t\t\t\t<div class=\"elementor-element elementor-element-ae4654c elementor-widget elementor-widget-heading\" data-id=\"ae4654c\" data-element_type=\"widget\" data-e-type=\"widget\" data-widget_type=\"heading.default\">\n\t\t\t\t<div class=\"elementor-widget-container\">\n\t\t\t\t\t<div class=\"elementor-heading-title elementor-size-default\">Vice President<\/div>\t\t\t\t<\/div>\n\t\t\t\t<\/div>\n\t\t\t\t<div class=\"elementor-element elementor-element-a420896 elementor-widget elementor-widget-heading\" data-id=\"a420896\" data-element_type=\"widget\" data-e-type=\"widget\" data-widget_type=\"heading.default\">\n\t\t\t\t<div class=\"elementor-widget-container\">\n\t\t\t\t\t<h2 class=\"elementor-heading-title elementor-size-default\">Bahadir K. Gulcan<\/h2>\t\t\t\t<\/div>\n\t\t\t\t<\/div>\n\t\t\t\t<div class=\"elementor-element elementor-element-fd8a399 elementor-widget elementor-widget-text-editor\" data-id=\"fd8a399\" data-element_type=\"widget\" data-e-type=\"widget\" data-widget_type=\"text-editor.default\">\n\t\t\t\t<div class=\"elementor-widget-container\">\n\t\t\t\t\t\t\t\t\t<p>In 1999, Alpha A.\u015e. started his business life in the IT department.<br>In 2000, he established his own company and started to serve in the IT sector.<\/p><p>In the same year, he started to provide the first e-commerce infrastructure service in Turkey by writing Kolayma\u011faza E-Commerce System.<\/p><p>In 2008, it made an agreement with Yap\u0131Kredi Bank and established the first payment system infrastructure in Turkey under the name Paymec and provided service until 2015.<\/p><p>After 2015, he continues to work as general manager both in his own company and 3B Yaz\u0131l\u0131m A.\u015e., where he is a partner.<\/p><p>In addition, it provides both software infrastructure and consultancy services in the field of Fintech and Payment Systems to many companies applying for electronic money institutions.<\/p><p>Since 2019, he has been serving as vice president of EDER E-Commerce Infrastructure Providers Association.<\/p><p>He is married and has 3 children.<\/p>\t\t\t\t\t\t\t\t<\/div>\n\t\t\t\t<\/div>\n\t\t\t\t<\/div>\n\t\t\t\t\t<\/div>\n\t\t\t\t<\/div>\n\t\t\t\t<\/div>\n\t\t","protected":false},"excerpt":{"rendered":"<p>Vice President Bahadir K. Gulcan In 1999, Alpha A.\u015e. started his business life in the IT department.In 2000, he established his own company and started to serve in the IT sector. In the same year, he started to provide the first e-commerce infrastructure service in Turkey by writing Kolayma\u011faza E-Commerce System. In 2008, it made [&hellip;]<\/p>\n","protected":false},"author":1,"featured_media":0,"parent":7695,"menu_order":0,"comment_status":"closed","ping_status":"closed","template":"","meta":{"footnotes":""},"class_list":["post-7674","page","type-page","status-publish","hentry"],"_links":{"self":[{"href":"https:\/\/eder.org.tr\/en\/wp-json\/wp\/v2\/pages\/7674","targetHints":{"allow":["GET"]}}],"collection":[{"href":"https:\/\/eder.org.tr\/en\/wp-json\/wp\/v2\/pages"}],"about":[{"href":"https:\/\/eder.org.tr\/en\/wp-json\/wp\/v2\/types\/page"}],"author":[{"embeddable":true,"href":"https:\/\/eder.org.tr\/en\/wp-json\/wp\/v2\/users\/1"}],"replies":[{"embeddable":true,"href":"https:\/\/eder.org.tr\/en\/wp-json\/wp\/v2\/comments?post=7674"}],"version-history":[{"count":1,"href":"https:\/\/eder.org.tr\/en\/wp-json\/wp\/v2\/pages\/7674\/revisions"}],"predecessor-version":[{"id":7675,"href":"https:\/\/eder.org.tr\/en\/wp-json\/wp\/v2\/pages\/7674\/revisions\/7675"}],"up":[{"embeddable":true,"href":"https:\/\/eder.org.tr\/en\/wp-json\/wp\/v2\/pages\/7695"}],"wp:attachment":[{"href":"https:\/\/eder.org.tr\/en\/wp-json\/wp\/v2\/media?parent=7674"}],"curies":[{"name":"wp","href":"https:\/\/api.w.org\/{rel}","templated":true}]}}